{"id":2184,"date":"2020-01-14T11:42:08","date_gmt":"2020-01-14T10:42:08","guid":{"rendered":"http:\/\/coffereali.com\/?page_id=2184"},"modified":"2020-01-16T10:56:49","modified_gmt":"2020-01-16T09:56:49","slug":"condizioni-generali","status":"publish","type":"page","link":"https:\/\/www.coffereali.com\/it\/condizioni-generali\/","title":{"rendered":"Condizioni generali"},"content":{"rendered":"<p><strong>Modalit\u00e0 e costi di spedizione.<\/strong><\/p>\n<p>&nbsp;<\/p>\n<table>\n<tbody>\n<tr>\n<td><\/td>\n<td><strong>Italia<\/strong><\/td>\n<td><strong>Europa<\/strong><\/td>\n<td><strong>Paesi extraeuropei<\/strong><\/td>\n<\/tr>\n<tr>\n<td><strong>Spedizione standard<\/strong><\/td>\n<td>Gratuita (3\/5 giorni lavorativi)<\/td>\n<td>20\u20ac (5\/7 giorni lavorativi)<\/td>\n<td>30\u20ac (10\/15 giorni lavorativi)<\/td>\n<\/tr>\n<tr>\n<td><strong>Spedizione Express<\/strong><\/td>\n<td>10\u20ac (2\/3 giorni lavorativi)<\/td>\n<td>30\u20ac (3\/4 giorni lavorativi)<\/td>\n<td>40\u20ac (6\/8 giorni lavorativi)<\/td>\n<\/tr>\n<\/tbody>\n<\/table>\n<p>&nbsp;<\/p>\n<p>La nostra merce viaggia con Corriere Poste Italiane \/ SDA<\/p>\n<p>Per l\u2019imballaggio vengono utilizzati prodotti specifici come scatoloni in cartone doppia onda e materiale protettivo per garantire l\u2019arrivo integro della merce a destinazione.<\/p>\n<p>Le spedizioni avvengono in tutta Italia ed all\u2019estero.<\/p>\n<p>La spedizione in modalit\u00e0 standard per l\u2019Italia, \u00e8 gratuita. La spedizione in modalit\u00e0 express, ha un costo aggiuntivo di euro 10,00.<\/p>\n<p>Per la spedizione in Europa, il costo del trasporto in modalit\u00e0 standard,\u00e8 di euro 20,00 . Il costo della spedizione in modalit\u00e0 express, ha un costo aggiuntivo di euro 10,00<\/p>\n<p>Per la spedizione nei paesi extra europei, il costo del trasporto in modalit\u00e0 standard \u00e8 di euro 30,00. Il costo della spedizione in modalit\u00e0 express ha un costo aggiuntivo di euro 10,00<\/p>\n<p><strong>Disponibilit\u00e0<\/strong><\/p>\n<p>Viene segnalata per ogni articolo.<\/p>\n<p><strong>Tempi di consegna<\/strong><\/p>\n<p>Trattandosi di oggetti realizzati a mano, i nostri prodotti hanno tempi di consegna che variano in base alla disponibilita\u2019 da 3\/ 5 gg lavorativi (ITALIA), 5\/15gg tutte le altre destinazioni.<\/p>\n<p><strong>Controllo della merce ricevuta<\/strong><\/p>\n<p>Al momento della consegna e\u2019 importante controllare e segnalare immediatamente allo spedizioniere eventuali imperfezioni e\/o danneggiamenti dell\u2019involucro dell\u2019imballaggio.<\/p>\n<p><strong>Metodi di Pagamento<\/strong><\/p>\n<ul>\n<li>Tutte le Carte di credito compreso CARTA SI, VISA , MASTERCARD e AMERICAN EXPRESS (Nessun costo commissione).<\/li>\n<li>Bonifico, inserire nella causale del bonifico esclusivamente il nome con cui \u00e8 indicato l\u2019oggetto ordinato (Nessun costo commissione) Coordinate per bonifico Intestato a: Giuseppina Morabito IBAN: IT34B0306234210000001857867;BIC\/SWIFT CODE (pagamento dall\u2019estero): MEDBITMM Per questo tipo di pagamento occorrono circa 3 giorni lavorativi per verificare l\u2019avvenuto accredito.<\/li>\n<li>Paypal (Nessun costo commissione), \u00e8 uno dei metodi di pagamento online pi\u00f9 sicuri in assoluto. I dati del pagamento non verranno a conoscenza , ma risiederanno sui server PayPal, equipaggiati con protezione SSL 3.0 e crittografia dati a 168 bit, il pi\u00f9 alto livello disponibile (se vuoi saperne di pi\u00f9 leggi vai al sito ufficiale paypal.com).<\/li>\n<li>Contrassegno ( Solo per Italia ) costo commissione \u20ac 9,90. Il pagamento da parte del Cliente dovr\u00e0 essere effettuato esclusivamente in contanti.<\/li>\n<\/ul>\n","protected":false},"excerpt":{"rendered":"<p>Modalit\u00e0 e costi di spedizione. &nbsp; Italia Europa Paesi extraeuropei Spedizione standard Gratuita (3\/5 giorni lavorativi) 20\u20ac (5\/7 giorni lavorativi) 30\u20ac (10\/15 giorni lavorativi) Spedizione Express 10\u20ac (2\/3 giorni lavorativi) 30\u20ac (3\/4 giorni lavorativi) 40\u20ac (6\/8 giorni lavorativi) &nbsp; La nostra merce viaggia con Corriere&#8230;<\/p>\n","protected":false},"author":3,"featured_media":0,"parent":0,"menu_order":0,"comment_status":"closed","ping_status":"closed","template":"","meta":{"footnotes":""},"class_list":["post-2184","page","type-page","status-publish","hentry"],"yoast_head":"<!-- This site is optimized with the Yoast SEO plugin v27.5 - https:\/\/yoast.com\/product\/yoast-seo-wordpress\/ -->\n<title>Condizioni generali | Coffe Reali<\/title>\n<meta name=\"robots\" content=\"index, follow, max-snippet:-1, max-image-preview:large, max-video-preview:-1\" \/>\n<link rel=\"canonical\" href=\"https:\/\/www.coffereali.com\/general-conditions\/\" \/>\n<meta property=\"og:locale\" content=\"it_IT\" \/>\n<meta property=\"og:type\" content=\"article\" \/>\n<meta property=\"og:title\" content=\"Condizioni generali | Coffe Reali\" \/>\n<meta property=\"og:description\" content=\"Modalit\u00e0 e costi di spedizione. &nbsp; Italia Europa Paesi extraeuropei Spedizione standard Gratuita (3\/5 giorni lavorativi) 20\u20ac (5\/7 giorni lavorativi) 30\u20ac (10\/15 giorni lavorativi) Spedizione Express 10\u20ac (2\/3 giorni lavorativi) 30\u20ac (3\/4 giorni lavorativi) 40\u20ac (6\/8 giorni lavorativi) &nbsp; La nostra merce viaggia con Corriere...\" \/>\n<meta property=\"og:url\" content=\"https:\/\/www.coffereali.com\/general-conditions\/\" \/>\n<meta property=\"og:site_name\" content=\"Coffe Reali\" \/>\n<meta property=\"article:modified_time\" content=\"2020-01-16T09:56:49+00:00\" \/>\n<meta name=\"twitter:card\" content=\"summary_large_image\" \/>\n<meta name=\"twitter:label1\" content=\"Tempo di lettura stimato\" \/>\n\t<meta name=\"twitter:data1\" content=\"2 minuti\" \/>\n<script type=\"application\/ld+json\" class=\"yoast-schema-graph\">{\"@context\":\"https:\\\/\\\/schema.org\",\"@graph\":[{\"@type\":\"WebPage\",\"@id\":\"https:\\\/\\\/www.coffereali.com\\\/general-conditions\\\/\",\"url\":\"https:\\\/\\\/www.coffereali.com\\\/general-conditions\\\/\",\"name\":\"Condizioni generali | Coffe Reali\",\"isPartOf\":{\"@id\":\"https:\\\/\\\/www.coffereali.com\\\/#website\"},\"datePublished\":\"2020-01-14T10:42:08+00:00\",\"dateModified\":\"2020-01-16T09:56:49+00:00\",\"breadcrumb\":{\"@id\":\"https:\\\/\\\/www.coffereali.com\\\/general-conditions\\\/#breadcrumb\"},\"inLanguage\":\"it-IT\",\"potentialAction\":[{\"@type\":\"ReadAction\",\"target\":[\"https:\\\/\\\/www.coffereali.com\\\/general-conditions\\\/\"]}]},{\"@type\":\"BreadcrumbList\",\"@id\":\"https:\\\/\\\/www.coffereali.com\\\/general-conditions\\\/#breadcrumb\",\"itemListElement\":[{\"@type\":\"ListItem\",\"position\":1,\"name\":\"Home\",\"item\":\"https:\\\/\\\/www.coffereali.com\\\/\"},{\"@type\":\"ListItem\",\"position\":2,\"name\":\"Condizioni generali\"}]},{\"@type\":\"WebSite\",\"@id\":\"https:\\\/\\\/www.coffereali.com\\\/#website\",\"url\":\"https:\\\/\\\/www.coffereali.com\\\/\",\"name\":\"Coffe Reali\",\"description\":\"Coffe artigianali Palermo Sicilia\",\"potentialAction\":[{\"@type\":\"SearchAction\",\"target\":{\"@type\":\"EntryPoint\",\"urlTemplate\":\"https:\\\/\\\/www.coffereali.com\\\/?s={search_term_string}\"},\"query-input\":{\"@type\":\"PropertyValueSpecification\",\"valueRequired\":true,\"valueName\":\"search_term_string\"}}],\"inLanguage\":\"it-IT\"}]}<\/script>\n<!-- \/ Yoast SEO plugin. -->","yoast_head_json":{"title":"Condizioni generali | Coffe Reali","robots":{"index":"index","follow":"follow","max-snippet":"max-snippet:-1","max-image-preview":"max-image-preview:large","max-video-preview":"max-video-preview:-1"},"canonical":"https:\/\/www.coffereali.com\/general-conditions\/","og_locale":"it_IT","og_type":"article","og_title":"Condizioni generali | Coffe Reali","og_description":"Modalit\u00e0 e costi di spedizione. &nbsp; Italia Europa Paesi extraeuropei Spedizione standard Gratuita (3\/5 giorni lavorativi) 20\u20ac (5\/7 giorni lavorativi) 30\u20ac (10\/15 giorni lavorativi) Spedizione Express 10\u20ac (2\/3 giorni lavorativi) 30\u20ac (3\/4 giorni lavorativi) 40\u20ac (6\/8 giorni lavorativi) &nbsp; La nostra merce viaggia con Corriere...","og_url":"https:\/\/www.coffereali.com\/general-conditions\/","og_site_name":"Coffe Reali","article_modified_time":"2020-01-16T09:56:49+00:00","twitter_card":"summary_large_image","twitter_misc":{"Tempo di lettura stimato":"2 minuti"},"schema":{"@context":"https:\/\/schema.org","@graph":[{"@type":"WebPage","@id":"https:\/\/www.coffereali.com\/general-conditions\/","url":"https:\/\/www.coffereali.com\/general-conditions\/","name":"Condizioni generali | Coffe Reali","isPartOf":{"@id":"https:\/\/www.coffereali.com\/#website"},"datePublished":"2020-01-14T10:42:08+00:00","dateModified":"2020-01-16T09:56:49+00:00","breadcrumb":{"@id":"https:\/\/www.coffereali.com\/general-conditions\/#breadcrumb"},"inLanguage":"it-IT","potentialAction":[{"@type":"ReadAction","target":["https:\/\/www.coffereali.com\/general-conditions\/"]}]},{"@type":"BreadcrumbList","@id":"https:\/\/www.coffereali.com\/general-conditions\/#breadcrumb","itemListElement":[{"@type":"ListItem","position":1,"name":"Home","item":"https:\/\/www.coffereali.com\/"},{"@type":"ListItem","position":2,"name":"Condizioni generali"}]},{"@type":"WebSite","@id":"https:\/\/www.coffereali.com\/#website","url":"https:\/\/www.coffereali.com\/","name":"Coffe Reali","description":"Coffe artigianali Palermo Sicilia","potentialAction":[{"@type":"SearchAction","target":{"@type":"EntryPoint","urlTemplate":"https:\/\/www.coffereali.com\/?s={search_term_string}"},"query-input":{"@type":"PropertyValueSpecification","valueRequired":true,"valueName":"search_term_string"}}],"inLanguage":"it-IT"}]}},"_links":{"self":[{"href":"https:\/\/www.coffereali.com\/it\/wp-json\/wp\/v2\/pages\/2184","targetHints":{"allow":["GET"]}}],"collection":[{"href":"https:\/\/www.coffereali.com\/it\/wp-json\/wp\/v2\/pages"}],"about":[{"href":"https:\/\/www.coffereali.com\/it\/wp-json\/wp\/v2\/types\/page"}],"author":[{"embeddable":true,"href":"https:\/\/www.coffereali.com\/it\/wp-json\/wp\/v2\/users\/3"}],"replies":[{"embeddable":true,"href":"https:\/\/www.coffereali.com\/it\/wp-json\/wp\/v2\/comments?post=2184"}],"version-history":[{"count":6,"href":"https:\/\/www.coffereali.com\/it\/wp-json\/wp\/v2\/pages\/2184\/revisions"}],"predecessor-version":[{"id":2350,"href":"https:\/\/www.coffereali.com\/it\/wp-json\/wp\/v2\/pages\/2184\/revisions\/2350"}],"wp:attachment":[{"href":"https:\/\/www.coffereali.com\/it\/wp-json\/wp\/v2\/media?parent=2184"}],"curies":[{"name":"wp","href":"https:\/\/api.w.org\/{rel}","templated":true}]}}