{"id":401,"date":"2018-11-20T22:52:08","date_gmt":"2018-11-20T21:52:08","guid":{"rendered":"http:\/\/coffereali.com\/?page_id=401"},"modified":"2020-07-06T17:02:00","modified_gmt":"2020-07-06T15:02:00","slug":"storia","status":"publish","type":"page","link":"https:\/\/www.coffereali.com\/it\/storia\/","title":{"rendered":"Storia"},"content":{"rendered":"<div class=\"wpb-content-wrapper\"><p>[vc_row css_animation=&#8221;&#8221; row_type=&#8221;row&#8221; use_row_as_full_screen_section=&#8221;no&#8221; type=&#8221;grid&#8221; angled_section=&#8221;no&#8221; text_align=&#8221;center&#8221; background_image_as_pattern=&#8221;without_pattern&#8221; css=&#8221;.vc_custom_1542892007206{padding-top: 70px !important;padding-bottom: 70px !important;}&#8221; z_index=&#8221;&#8221;][vc_column offset=&#8221;vc_col-lg-offset-1 vc_col-lg-10&#8243;][vc_row_inner row_type=&#8221;row&#8221; type=&#8221;full_width&#8221; text_align=&#8221;left&#8221; css_animation=&#8221;&#8221; css=&#8221;.vc_custom_1542892018835{padding-right: 5% !important;padding-left: 5% !important;}&#8221;][vc_column_inner][vc_column_text]<\/p>\n<p style=\"text-align: center;\">La coffa, dall&#8217;arabo\u00a0<em>quffa<\/em> che vuol dire &#8220;cesta&#8221;, \u00e8 appunto una cesta fatta a mano con materiali naturali: per lo pi\u00f9 si tratta di foglie di palma nana intrecciate a mano. Ancora oggi, per le strade di San Vito Lo Capo, una cittadina che si trova in provincia di Trapani, \u00e8 possibile vedere artigiani locali, lavorarle a mano. Nella tradizione rurale dell&#8217;isola, le <a href=\"https:\/\/coffereali.com\/it\"><span style=\"text-decoration: underline;\">coffe siciliane<\/span><\/a> venivano impiegate per trasportare il foraggio dei cavalli o dalle donne per la &#8220;viscuglia&#8221; (raccolta di mandorle, olive e pistacchi).<\/p>\n<p>[\/vc_column_text][vc_empty_space height=&#8221;22px&#8221;][vc_column_text]<\/p>\n<p style=\"text-align: center;\">Oggi questa borsa di paglia \u00e8 diventata un vero e proprio accessorio di moda. Viene decorata con i motivi barocchi tipici dei carretti siciliani, diventando un vero e proprio souvenir imperdibile da portare dopo un viaggio in Sicilia. Solitamente le coffe vengono &#8220;addobbate&#8221; con pompon, specchietti dorati, monete e nappe colorate, conservando uno stile vacanziero, anche in inverno.<\/p>\n<p>[\/vc_column_text][vc_empty_space height=&#8221;22px&#8221;][vc_column_text]<\/p>\n<p style=\"text-align: center;\">A tal proposito, essendo le coffe tipicamente accessori moda da sfoggiare in estate, Coffe Reali ha voluto stravolgere questo diktakt proponendo al mercato delle coffe da indossare anche e soprattutto in inverno. Non pi\u00f9, quindi, solo tradizionali borse di paglia, bens\u00ec delle vere e proprie opere d\u2019arte da portare con s\u00e9 tutto l\u2019anno.<\/p>\n<p>[\/vc_column_text][\/vc_column_inner][\/vc_row_inner][vc_empty_space height=&#8221;22px&#8221;][vc_column_text]<\/p>\n<p style=\"text-align: center;\">Insomma, uno stile nuovo. Le mie Coffe Reali sono create per essere portate con charme indossando cappotti over size, sciarponi e camperos, ma sono anche pensate per accompagnare un abbigliamento elegante, al quale dare un tocco insolito. Certamente la donna che porta una Coffa Reale, \u00e8 una donna sicura di s\u00e9, che non potr\u00e0 passare inosservata.<\/p>\n<p>[\/vc_column_text][vc_empty_space height=&#8221;22px&#8221;][vc_column_text]<\/p>\n<p style=\"text-align: center;\">Le Coffe Reali sono totalmente artigianali e per questo, ogni pezzo \u00e8 unico.<\/p>\n<p>[\/vc_column_text][\/vc_column][\/vc_row]<\/p>\n<\/div>","protected":false},"excerpt":{"rendered":"<p>[vc_row css_animation=&#8221;&#8221; row_type=&#8221;row&#8221; use_row_as_full_screen_section=&#8221;no&#8221; type=&#8221;grid&#8221; angled_section=&#8221;no&#8221; text_align=&#8221;center&#8221; background_image_as_pattern=&#8221;without_pattern&#8221; css=&#8221;.vc_custom_1542892007206{padding-top: 70px !important;padding-bottom: 70px !important;}&#8221; z_index=&#8221;&#8221;][vc_column offset=&#8221;vc_col-lg-offset-1 vc_col-lg-10&#8243;][vc_row_inner row_type=&#8221;row&#8221; type=&#8221;full_width&#8221; text_align=&#8221;left&#8221; css_animation=&#8221;&#8221; css=&#8221;.vc_custom_1542892018835{padding-right: 5% !important;padding-left: 5% !important;}&#8221;][vc_column_inner][vc_column_text] La coffa, dall&#8217;arabo\u00a0quffa che vuol dire &#8220;cesta&#8221;, \u00e8 appunto una cesta fatta a mano con materiali naturali: per lo pi\u00f9&#8230;<\/p>\n","protected":false},"author":4,"featured_media":0,"parent":0,"menu_order":0,"comment_status":"closed","ping_status":"closed","template":"","meta":{"footnotes":""},"class_list":["post-401","page","type-page","status-publish","hentry"],"yoast_head":"<!-- This site is optimized with the Yoast SEO plugin v27.5 - https:\/\/yoast.com\/product\/yoast-seo-wordpress\/ -->\n<title>Storia | Coffe Reali<\/title>\n<meta name=\"robots\" content=\"index, follow, max-snippet:-1, max-image-preview:large, max-video-preview:-1\" \/>\n<link rel=\"canonical\" href=\"https:\/\/www.coffereali.com\/history\/\" \/>\n<meta property=\"og:locale\" content=\"it_IT\" \/>\n<meta property=\"og:type\" content=\"article\" \/>\n<meta property=\"og:title\" content=\"Storia | Coffe Reali\" \/>\n<meta property=\"og:description\" content=\"[vc_row css_animation=&#8221;&#8221; row_type=&#8221;row&#8221; use_row_as_full_screen_section=&#8221;no&#8221; type=&#8221;grid&#8221; angled_section=&#8221;no&#8221; text_align=&#8221;center&#8221; background_image_as_pattern=&#8221;without_pattern&#8221; css=&#8221;.vc_custom_1542892007206{padding-top: 70px !important;padding-bottom: 70px !important;}&#8221; z_index=&#8221;&#8221;][vc_column offset=&#8221;vc_col-lg-offset-1 vc_col-lg-10&#8243;][vc_row_inner row_type=&#8221;row&#8221; type=&#8221;full_width&#8221; text_align=&#8221;left&#8221; css_animation=&#8221;&#8221; css=&#8221;.vc_custom_1542892018835{padding-right: 5% !important;padding-left: 5% !important;}&#8221;][vc_column_inner][vc_column_text] La coffa, dall&#8217;arabo\u00a0quffa che vuol dire &#8220;cesta&#8221;, \u00e8 appunto una cesta fatta a mano con materiali naturali: per lo pi\u00f9...\" \/>\n<meta property=\"og:url\" content=\"https:\/\/www.coffereali.com\/history\/\" \/>\n<meta property=\"og:site_name\" content=\"Coffe Reali\" \/>\n<meta property=\"article:modified_time\" content=\"2020-07-06T15:02:00+00:00\" \/>\n<meta name=\"twitter:card\" content=\"summary_large_image\" \/>\n<meta name=\"twitter:label1\" content=\"Tempo di lettura stimato\" \/>\n\t<meta name=\"twitter:data1\" content=\"2 minuti\" \/>\n<script type=\"application\/ld+json\" class=\"yoast-schema-graph\">{\"@context\":\"https:\\\/\\\/schema.org\",\"@graph\":[{\"@type\":\"WebPage\",\"@id\":\"https:\\\/\\\/www.coffereali.com\\\/history\\\/\",\"url\":\"https:\\\/\\\/www.coffereali.com\\\/history\\\/\",\"name\":\"Storia | Coffe Reali\",\"isPartOf\":{\"@id\":\"https:\\\/\\\/www.coffereali.com\\\/#website\"},\"datePublished\":\"2018-11-20T21:52:08+00:00\",\"dateModified\":\"2020-07-06T15:02:00+00:00\",\"breadcrumb\":{\"@id\":\"https:\\\/\\\/www.coffereali.com\\\/history\\\/#breadcrumb\"},\"inLanguage\":\"it-IT\",\"potentialAction\":[{\"@type\":\"ReadAction\",\"target\":[\"https:\\\/\\\/www.coffereali.com\\\/history\\\/\"]}]},{\"@type\":\"BreadcrumbList\",\"@id\":\"https:\\\/\\\/www.coffereali.com\\\/history\\\/#breadcrumb\",\"itemListElement\":[{\"@type\":\"ListItem\",\"position\":1,\"name\":\"Home\",\"item\":\"https:\\\/\\\/www.coffereali.com\\\/\"},{\"@type\":\"ListItem\",\"position\":2,\"name\":\"Storia\"}]},{\"@type\":\"WebSite\",\"@id\":\"https:\\\/\\\/www.coffereali.com\\\/#website\",\"url\":\"https:\\\/\\\/www.coffereali.com\\\/\",\"name\":\"Coffe Reali\",\"description\":\"Coffe artigianali Palermo Sicilia\",\"potentialAction\":[{\"@type\":\"SearchAction\",\"target\":{\"@type\":\"EntryPoint\",\"urlTemplate\":\"https:\\\/\\\/www.coffereali.com\\\/?s={search_term_string}\"},\"query-input\":{\"@type\":\"PropertyValueSpecification\",\"valueRequired\":true,\"valueName\":\"search_term_string\"}}],\"inLanguage\":\"it-IT\"}]}<\/script>\n<!-- \/ Yoast SEO plugin. -->","yoast_head_json":{"title":"Storia | Coffe Reali","robots":{"index":"index","follow":"follow","max-snippet":"max-snippet:-1","max-image-preview":"max-image-preview:large","max-video-preview":"max-video-preview:-1"},"canonical":"https:\/\/www.coffereali.com\/history\/","og_locale":"it_IT","og_type":"article","og_title":"Storia | Coffe Reali","og_description":"[vc_row css_animation=&#8221;&#8221; row_type=&#8221;row&#8221; use_row_as_full_screen_section=&#8221;no&#8221; type=&#8221;grid&#8221; angled_section=&#8221;no&#8221; text_align=&#8221;center&#8221; background_image_as_pattern=&#8221;without_pattern&#8221; css=&#8221;.vc_custom_1542892007206{padding-top: 70px !important;padding-bottom: 70px !important;}&#8221; z_index=&#8221;&#8221;][vc_column offset=&#8221;vc_col-lg-offset-1 vc_col-lg-10&#8243;][vc_row_inner row_type=&#8221;row&#8221; type=&#8221;full_width&#8221; text_align=&#8221;left&#8221; css_animation=&#8221;&#8221; css=&#8221;.vc_custom_1542892018835{padding-right: 5% !important;padding-left: 5% !important;}&#8221;][vc_column_inner][vc_column_text] La coffa, dall&#8217;arabo\u00a0quffa che vuol dire &#8220;cesta&#8221;, \u00e8 appunto una cesta fatta a mano con materiali naturali: per lo pi\u00f9...","og_url":"https:\/\/www.coffereali.com\/history\/","og_site_name":"Coffe Reali","article_modified_time":"2020-07-06T15:02:00+00:00","twitter_card":"summary_large_image","twitter_misc":{"Tempo di lettura stimato":"2 minuti"},"schema":{"@context":"https:\/\/schema.org","@graph":[{"@type":"WebPage","@id":"https:\/\/www.coffereali.com\/history\/","url":"https:\/\/www.coffereali.com\/history\/","name":"Storia | Coffe Reali","isPartOf":{"@id":"https:\/\/www.coffereali.com\/#website"},"datePublished":"2018-11-20T21:52:08+00:00","dateModified":"2020-07-06T15:02:00+00:00","breadcrumb":{"@id":"https:\/\/www.coffereali.com\/history\/#breadcrumb"},"inLanguage":"it-IT","potentialAction":[{"@type":"ReadAction","target":["https:\/\/www.coffereali.com\/history\/"]}]},{"@type":"BreadcrumbList","@id":"https:\/\/www.coffereali.com\/history\/#breadcrumb","itemListElement":[{"@type":"ListItem","position":1,"name":"Home","item":"https:\/\/www.coffereali.com\/"},{"@type":"ListItem","position":2,"name":"Storia"}]},{"@type":"WebSite","@id":"https:\/\/www.coffereali.com\/#website","url":"https:\/\/www.coffereali.com\/","name":"Coffe Reali","description":"Coffe artigianali Palermo Sicilia","potentialAction":[{"@type":"SearchAction","target":{"@type":"EntryPoint","urlTemplate":"https:\/\/www.coffereali.com\/?s={search_term_string}"},"query-input":{"@type":"PropertyValueSpecification","valueRequired":true,"valueName":"search_term_string"}}],"inLanguage":"it-IT"}]}},"_links":{"self":[{"href":"https:\/\/www.coffereali.com\/it\/wp-json\/wp\/v2\/pages\/401","targetHints":{"allow":["GET"]}}],"collection":[{"href":"https:\/\/www.coffereali.com\/it\/wp-json\/wp\/v2\/pages"}],"about":[{"href":"https:\/\/www.coffereali.com\/it\/wp-json\/wp\/v2\/types\/page"}],"author":[{"embeddable":true,"href":"https:\/\/www.coffereali.com\/it\/wp-json\/wp\/v2\/users\/4"}],"replies":[{"embeddable":true,"href":"https:\/\/www.coffereali.com\/it\/wp-json\/wp\/v2\/comments?post=401"}],"version-history":[{"count":9,"href":"https:\/\/www.coffereali.com\/it\/wp-json\/wp\/v2\/pages\/401\/revisions"}],"predecessor-version":[{"id":3160,"href":"https:\/\/www.coffereali.com\/it\/wp-json\/wp\/v2\/pages\/401\/revisions\/3160"}],"wp:attachment":[{"href":"https:\/\/www.coffereali.com\/it\/wp-json\/wp\/v2\/media?parent=401"}],"curies":[{"name":"wp","href":"https:\/\/api.w.org\/{rel}","templated":true}]}}